{"id":2666,"date":"2023-11-20T19:27:58","date_gmt":"2023-11-20T18:27:58","guid":{"rendered":"https:\/\/brianjoyeux.be\/?post_type=product&#038;p=2666"},"modified":"2026-04-20T20:04:32","modified_gmt":"2026-04-20T18:04:32","slug":"madeleine-abricot-passion","status":"publish","type":"product","link":"https:\/\/brianjoyeux.be\/nl\/product\/madeleine-abricot-passion\/","title":{"rendered":"Madeleine Abrikozen Passie"},"content":{"rendered":"","protected":false},"excerpt":{"rendered":"<p>Biscuit madeleine parfum\u00e9 \u00e0 la fleur d&rsquo;oranger, confit d&rsquo;abricots, gla\u00e7age au fruit de la passion.<\/p>","protected":false},"featured_media":220,"template":"","meta":[],"product_cat":[25],"product_tag":[],"class_list":{"0":"post-2666","1":"product","2":"type-product","3":"status-publish","4":"has-post-thumbnail","6":"product_cat-voyage","8":"first","9":"instock","10":"shipping-taxable","11":"purchasable","12":"product-type-simple"},"acf":[],"_links":{"self":[{"href":"https:\/\/brianjoyeux.be\/nl\/wp-json\/wp\/v2\/product\/2666"}],"collection":[{"href":"https:\/\/brianjoyeux.be\/nl\/wp-json\/wp\/v2\/product"}],"about":[{"href":"https:\/\/brianjoyeux.be\/nl\/wp-json\/wp\/v2\/types\/product"}],"wp:featuredmedia":[{"embeddable":true,"href":"https:\/\/brianjoyeux.be\/nl\/wp-json\/wp\/v2\/media\/220"}],"wp:attachment":[{"href":"https:\/\/brianjoyeux.be\/nl\/wp-json\/wp\/v2\/media?parent=2666"}],"wp:term":[{"taxonomy":"product_cat","embeddable":true,"href":"https:\/\/brianjoyeux.be\/nl\/wp-json\/wp\/v2\/product_cat?post=2666"},{"taxonomy":"product_tag","embeddable":true,"href":"https:\/\/brianjoyeux.be\/nl\/wp-json\/wp\/v2\/product_tag?post=2666"}],"curies":[{"name":"wp","href":"https:\/\/api.w.org\/{rel}","templated":true}]}}